{"id":13,"date":"2024-12-13T12:13:48","date_gmt":"2024-12-13T11:13:48","guid":{"rendered":"https:\/\/www.isom25.uliege.be\/?page_id=13"},"modified":"2025-06-20T17:00:39","modified_gmt":"2025-06-20T15:00:39","slug":"home","status":"publish","type":"page","link":"https:\/\/www.isom25.uliege.be\/","title":{"rendered":"Home"},"content":{"rendered":"\n<figure class=\"wp-block-image size-large\"><img loading=\"lazy\" decoding=\"async\" width=\"1024\" height=\"293\" src=\"https:\/\/www.isom25.uliege.be\/wp-content\/uploads\/2025\/01\/ISOM-1024x293.png\" alt=\"\" class=\"wp-image-408\" srcset=\"https:\/\/www.isom25.uliege.be\/wp-content\/uploads\/2025\/01\/ISOM-1024x293.png 1024w, https:\/\/www.isom25.uliege.be\/wp-content\/uploads\/2025\/01\/ISOM-300x86.png 300w, https:\/\/www.isom25.uliege.be\/wp-content\/uploads\/2025\/01\/ISOM-768x219.png 768w, https:\/\/www.isom25.uliege.be\/wp-content\/uploads\/2025\/01\/ISOM.png 1400w\" sizes=\"auto, (max-width: 1024px) 100vw, 1024px\" \/><\/figure>\n\n\n\n<h2 class=\"wp-block-heading\">Welcome to ISOM 25!<\/h2>\n\n\n\n<p>Dear Friends and Colleagues,<\/p>\n\n\n\n<p>On behalf of the&nbsp;<a href=\"https:\/\/www.isom25.uliege.be\/index.php\/committees\/\">Organizing Committee<\/a>,&nbsp;it is our great pleasure to invite you to attend&nbsp;the&nbsp;<strong>25<sup>th<\/sup>&nbsp;International Symposium on Olefin Metathesis and Related Reactions<\/strong>&nbsp;(ISOM 25)&nbsp;that will take place&nbsp;from&nbsp;<strong>Tuesday July 8 until Friday July 11, 2025<\/strong>&nbsp;in <a href=\"https:\/\/www.isom25.uliege.be\/index.php\/about-liege\/\" data-type=\"page\" data-id=\"166\">Li\u00e8ge<\/a>, a vibrant city in the southeastern part of Belgium, at the crossroads of Europe. This symposium is part of a&nbsp;<a href=\"https:\/\/www.isom25.uliege.be\/index.php\/about-isom\/\" data-type=\"page\" data-id=\"164\">longstanding series of meetings<\/a>&nbsp;that brings together every two years scientists from both academia and industry&nbsp;from all over the world to disseminate and to discuss the various aspects of olefin metathesis and related reactions in a lively, relaxed, and stimulating environment.<\/p>\n\n\n\n<p>This summer, we will have a chance to celebrate together a <strong>dual anniversary<\/strong>. Indeed, it will be the <strong>25<sup>th<\/sup> edition (silver jubilee)<\/strong> of ISOM since the first meeting of this series was organized in January 1976 by Hartwig H\u00f6cker at the Johannes Gutenberg-Universit\u00e4t in Mainz, Germany. Since then, this international biennial event has been the leading forum for the olefin metathesis community, worldwide. The year 2025 will also mark the <strong>20<sup>th<\/sup> anniversary of the Nobel Prize in Chemistry<\/strong> awarded in 2005 to Yves Chauvin, Robert H. Grubbs, and Richard R. Schrock for &#8220;<a href=\"https:\/\/www.nobelprize.org\/prizes\/chemistry\/2005\/summary\/\">the development of the metathesis method in organic synthesis<\/a>&#8220;. Thus, ISOM 25 will be the perfect occasion to reflect on the past achievements in olefin metathesis, but also to look ahead and focus on the future!<\/p>\n\n\n\n<p>We look very much forward to welcoming you in Li\u00e8ge in July 2025.&nbsp;<\/p>\n\n\n\n<p>For the local organizing committee, Damien Debecker, <strong>Lionel Delaude<\/strong>, and Aurore Richel<\/p>\n\n\n\n<p>Contact: <a href=\"mailto:isom25@uliege.be\">isom25@uliege.be<\/a><\/p>\n\n\n\n<p>The financial support from the\u00a0<a href=\"http:\/\/www.cgb-cbb.be\/\" target=\"_blank\" rel=\"noreferrer noopener\">Comit\u00e9 de Gestion du Bulletin des Soci\u00e9t\u00e9s Chimiques Belges\/Comit\u00e9 van Beheer van het Bulletin<\/a>\u00a0(CGB\/CBB), the <a href=\"https:\/\/www.frs-fnrs.be\/en\/\" target=\"_blank\" rel=\"noreferrer noopener\">Fond de la Recherche Scientifique-FNRS<\/a> (F.R.S.-FNRS), the <a href=\"https:\/\/www.uliege.be\" target=\"_blank\" rel=\"noreferrer noopener\">University of Liege<\/a>, and <a href=\"https:\/\/chemistry-europe.onlinelibrary.wiley.com\/\">Chemistry Europe<\/a> is gratefully acknowledged.<\/p>\n\n\n\n<div class=\"wp-block-columns is-layout-flex wp-container-core-columns-is-layout-28f84493 wp-block-columns-is-layout-flex\">\n<div class=\"wp-block-column is-layout-flow wp-block-column-is-layout-flow\">\n<figure class=\"wp-block-image size-full\"><a href=\"http:\/\/www.cgb-cbb.be\/\"><img loading=\"lazy\" decoding=\"async\" width=\"482\" height=\"180\" src=\"https:\/\/www.isom25.uliege.be\/wp-content\/uploads\/2025\/03\/Logo-CGB-CBB.png\" alt=\"\" class=\"wp-image-441\" srcset=\"https:\/\/www.isom25.uliege.be\/wp-content\/uploads\/2025\/03\/Logo-CGB-CBB.png 482w, https:\/\/www.isom25.uliege.be\/wp-content\/uploads\/2025\/03\/Logo-CGB-CBB-300x112.png 300w\" sizes=\"auto, (max-width: 482px) 100vw, 482px\" \/><\/a><\/figure>\n<\/div>\n\n\n\n<div class=\"wp-block-column is-layout-flow wp-block-column-is-layout-flow\">\n<figure class=\"wp-block-image size-full\"><a href=\"https:\/\/www.frs-fnrs.be\/en\/\"><img loading=\"lazy\" decoding=\"async\" width=\"285\" height=\"180\" src=\"https:\/\/www.isom25.uliege.be\/wp-content\/uploads\/2025\/03\/Logo-FNRS.png\" alt=\"\" class=\"wp-image-442\"\/><\/a><\/figure>\n<\/div>\n\n\n\n<div class=\"wp-block-column is-layout-flow wp-block-column-is-layout-flow\">\n<figure class=\"wp-block-image size-full\"><a href=\"https:\/\/www.uliege.be\"><img loading=\"lazy\" decoding=\"async\" width=\"411\" height=\"180\" src=\"https:\/\/www.isom25.uliege.be\/wp-content\/uploads\/2025\/03\/Logo-ULIege.png\" alt=\"\" class=\"wp-image-445\" srcset=\"https:\/\/www.isom25.uliege.be\/wp-content\/uploads\/2025\/03\/Logo-ULIege.png 411w, https:\/\/www.isom25.uliege.be\/wp-content\/uploads\/2025\/03\/Logo-ULIege-300x131.png 300w\" sizes=\"auto, (max-width: 411px) 100vw, 411px\" \/><\/a><\/figure>\n<\/div>\n<\/div>\n\n\n\n<figure class=\"wp-block-image size-large\"><a href=\"https:\/\/chemistry-europe.onlinelibrary.wiley.com\/\"><img loading=\"lazy\" decoding=\"async\" width=\"1024\" height=\"245\" src=\"https:\/\/www.isom25.uliege.be\/wp-content\/uploads\/CCTC-EJOC-CEUR_sponsorship-icon-1024x245.png\" alt=\"\" class=\"wp-image-856\" srcset=\"https:\/\/www.isom25.uliege.be\/wp-content\/uploads\/CCTC-EJOC-CEUR_sponsorship-icon-1024x245.png 1024w, https:\/\/www.isom25.uliege.be\/wp-content\/uploads\/CCTC-EJOC-CEUR_sponsorship-icon-300x72.png 300w, https:\/\/www.isom25.uliege.be\/wp-content\/uploads\/CCTC-EJOC-CEUR_sponsorship-icon-768x184.png 768w, https:\/\/www.isom25.uliege.be\/wp-content\/uploads\/CCTC-EJOC-CEUR_sponsorship-icon-1536x368.png 1536w, https:\/\/www.isom25.uliege.be\/wp-content\/uploads\/CCTC-EJOC-CEUR_sponsorship-icon-2048x491.png 2048w\" sizes=\"auto, (max-width: 1024px) 100vw, 1024px\" \/><\/a><\/figure>\n\n\n\n<p>The following companies have generously accepted to sponsor ISOM 25 and their delegates will participate to the symposium to present their latest products and technologies related to olefin metathesis: <a href=\"https:\/\/apeiron-synthesis.com\">Apeiron Synthesis S.A.<\/a> (Poland), <a href=\"https:\/\/www.umicore.com\/en\/\">Umicore AG &amp; Co. KG<\/a> (Germany), <a href=\"https:\/\/www.ximo-inc.com\">XiMo Kft.<\/a> (Hungary), <a href=\"https:\/\/www.zeon.co.jp\/en\/\">Zeon Corporation<\/a> (Japan).<\/p>\n\n\n\n<h2 class=\"wp-block-heading\"><\/h2>\n\n\n\n<figure class=\"wp-block-image size-full\"><a href=\"https:\/\/apeiron-synthesis.com\"><img loading=\"lazy\" decoding=\"async\" width=\"400\" height=\"116\" src=\"https:\/\/www.isom25.uliege.be\/wp-content\/uploads\/Apeiron_logo.png\" alt=\"\" class=\"wp-image-846\" srcset=\"https:\/\/www.isom25.uliege.be\/wp-content\/uploads\/Apeiron_logo.png 400w, https:\/\/www.isom25.uliege.be\/wp-content\/uploads\/Apeiron_logo-300x87.png 300w\" sizes=\"auto, (max-width: 400px) 100vw, 400px\" \/><\/a><\/figure>\n\n\n\n<figure class=\"wp-block-image size-full\"><a href=\"https:\/\/www.umicore.com\/en\/\"><img decoding=\"async\" src=\"https:\/\/www.isom25.uliege.be\/wp-content\/uploads\/Umicore_logo.png\" alt=\"\" class=\"wp-image-798\"\/><\/a><\/figure>\n\n\n\n<figure class=\"wp-block-image size-full\"><a href=\"https:\/\/www.ximo-inc.com\"><img loading=\"lazy\" decoding=\"async\" width=\"400\" height=\"206\" src=\"https:\/\/www.isom25.uliege.be\/wp-content\/uploads\/XiMo_Logo.png\" alt=\"\" class=\"wp-image-824\" srcset=\"https:\/\/www.isom25.uliege.be\/wp-content\/uploads\/XiMo_Logo.png 400w, https:\/\/www.isom25.uliege.be\/wp-content\/uploads\/XiMo_Logo-300x155.png 300w\" sizes=\"auto, (max-width: 400px) 100vw, 400px\" \/><\/a><\/figure>\n\n\n\n<figure class=\"wp-block-image size-full\"><a href=\"https:\/\/www.zeon.co.jp\/en\/\"><img loading=\"lazy\" decoding=\"async\" width=\"400\" height=\"148\" src=\"https:\/\/www.isom25.uliege.be\/wp-content\/uploads\/Zeon_logo.png\" alt=\"\" class=\"wp-image-795\" srcset=\"https:\/\/www.isom25.uliege.be\/wp-content\/uploads\/Zeon_logo.png 400w, https:\/\/www.isom25.uliege.be\/wp-content\/uploads\/Zeon_logo-300x111.png 300w\" sizes=\"auto, (max-width: 400px) 100vw, 400px\" \/><\/a><\/figure>\n\n\n\n<p><\/p>\n","protected":false},"excerpt":{"rendered":"<p>Welcome to ISOM 25! Dear Friends and Colleagues, On behalf of the&nbsp;Organizing Committee,&nbsp;it is our great pleasure to invite you to attend&nbsp;the&nbsp;25th&nbsp;International Symposium on Olefin Metathesis and Related Reactions&nbsp;(ISOM 25)&nbsp;that will take place&nbsp;from&nbsp;Tuesday July 8 until Friday July 11, 2025&nbsp;in<\/p>\n","protected":false},"author":2,"featured_media":0,"parent":0,"menu_order":0,"comment_status":"closed","ping_status":"closed","template":"","meta":{"footnotes":""},"class_list":["post-13","page","type-page","status-publish","hentry"],"_links":{"self":[{"href":"https:\/\/www.isom25.uliege.be\/index.php\/wp-json\/wp\/v2\/pages\/13","targetHints":{"allow":["GET"]}}],"collection":[{"href":"https:\/\/www.isom25.uliege.be\/index.php\/wp-json\/wp\/v2\/pages"}],"about":[{"href":"https:\/\/www.isom25.uliege.be\/index.php\/wp-json\/wp\/v2\/types\/page"}],"author":[{"embeddable":true,"href":"https:\/\/www.isom25.uliege.be\/index.php\/wp-json\/wp\/v2\/users\/2"}],"replies":[{"embeddable":true,"href":"https:\/\/www.isom25.uliege.be\/index.php\/wp-json\/wp\/v2\/comments?post=13"}],"version-history":[{"count":43,"href":"https:\/\/www.isom25.uliege.be\/index.php\/wp-json\/wp\/v2\/pages\/13\/revisions"}],"predecessor-version":[{"id":859,"href":"https:\/\/www.isom25.uliege.be\/index.php\/wp-json\/wp\/v2\/pages\/13\/revisions\/859"}],"wp:attachment":[{"href":"https:\/\/www.isom25.uliege.be\/index.php\/wp-json\/wp\/v2\/media?parent=13"}],"curies":[{"name":"wp","href":"https:\/\/api.w.org\/{rel}","templated":true}]}}